{"id":127,"date":"2025-06-02T22:39:25","date_gmt":"2025-06-02T20:39:25","guid":{"rendered":"http:\/\/score-souverainete.fr\/?page_id=127"},"modified":"2025-06-11T23:40:55","modified_gmt":"2025-06-11T21:40:55","slug":"home-2","status":"publish","type":"page","link":"https:\/\/score-souverainete.fr\/","title":{"rendered":"Home"},"content":{"rendered":"\t\t<div data-elementor-type=\"wp-page\" data-elementor-id=\"127\" class=\"elementor elementor-127\">\n\t\t\t\t<div class=\"elementor-element elementor-element-cef5544 e-flex e-con-boxed e-con e-parent\" data-id=\"cef5544\" data-element_type=\"container\">\n\t\t\t\t\t<div class=\"e-con-inner\">\n\t\t\t\t<div class=\"elementor-element elementor-element-37845cbc elementor-widget elementor-widget-flex-hero\" data-id=\"37845cbc\" data-element_type=\"widget\" data-settings=\"{&quot;layout_image_position&quot;:&quot;start&quot;,&quot;layout_preset&quot;:&quot;showcase&quot;,&quot;layout_column_structure&quot;:&quot;50-50&quot;,&quot;primary_button_shape&quot;:&quot;default&quot;,&quot;image_shape&quot;:&quot;sharp&quot;,&quot;box_shape&quot;:&quot;sharp&quot;}\" data-widget_type=\"flex-hero.default\">\n\t\t\t\t<div class=\"elementor-widget-container\">\n\t\t\t\t\t\t\t<div class=\"has-shape-sharp shape-type-box has-column-structure-50-50  ehp-flex-hero has-layout-preset-showcase has-image-position-start\">\n\t\t\t\t\t\t<div class=\"ehp-flex-hero__overlay\"><\/div>\n\t\t\t<div class=\"ehp-flex-hero__content-container\">\n\t\t\t\t<h2 class=\"ehp-flex-hero__heading\">Le Score de la Souverainet\u00e9 Num\u00e9rique <\/h2><h2 class=\"ehp-flex-hero__subheading\">En seulement quelques minutes, \u00e9valuez le degr\u00e9 de souverainet\u00e9 num\u00e9rique de votre entreprise \ud83c\uddeb\ud83c\uddf7 \ud83c\uddea\ud83c\uddfa. <\/h2>\t\t\t<div class=\"ehp-flex-hero__ctas-container\">\n\t\t\t\t\t\t<a class=\"has-shape-default shape-type-button ehp-button ehp-button--primary ehp-flex-hero__button ehp-flex-hero__button--primary is-type-button has-border\" href=\"https:\/\/scan-souverainete.applicatif.net\/v2\/customer\/67ac15a2-35be-42fd-9f7b-ae2f2bbccb7d\/firstPage\">\n\t\t\t\t\t<span class=\"ehp-button__text ehp-flex-hero__button-text ehp-flex-hero__button-text--primary\">\n\t\t\tJe calcule mon score\t\t\t\t<\/a>\n\t\t\t\t\t\t\t\t\t<\/div>\n\t\t\t\t\t<\/div>\n\t\t\t\t<div class=\"ehp-flex-hero__image-wrapper\">\n\t\t\t\t\t<div class=\"ehp-image ehp-flex-hero__image-container\">\n\t\t\t\t<img decoding=\"async\" class=\"ehp-image__img ehp-flex-hero__img has-shape-sharp shape-type-image\" src=\"https:\/\/score-souverainete.fr\/wp-content\/uploads\/2025\/06\/logo-score-souverainete.png\" title=\"logo score souverainete\u0301\" alt=\"logo score souverainete\u0301\" loading=\"lazy\" \/>\t\t\t<\/div>\n\t\t\t\t\t<\/div>\n\t\t\t\t<\/div>\n\t\t\t\t\t\t<\/div>\n\t\t\t\t<\/div>\n\t\t\t\t\t<\/div>\n\t\t\t\t<\/div>\n\t\t<div class=\"elementor-element elementor-element-fc5e20c e-flex e-con-boxed e-con e-parent\" data-id=\"fc5e20c\" data-element_type=\"container\">\n\t\t\t\t\t<div class=\"e-con-inner\">\n\t\t\t\t<div class=\"elementor-element elementor-element-866c31e elementor-widget elementor-widget-spacer\" data-id=\"866c31e\" data-element_type=\"widget\" data-widget_type=\"spacer.default\">\n\t\t\t\t<div class=\"elementor-widget-container\">\n\t\t\t\t\t\t\t<div class=\"elementor-spacer\">\n\t\t\t<div class=\"elementor-spacer-inner\"><\/div>\n\t\t<\/div>\n\t\t\t\t\t\t<\/div>\n\t\t\t\t<\/div>\n\t\t\t\t<div class=\"elementor-element elementor-element-d2eb558 elementor-invisible elementor-widget elementor-widget-heading\" data-id=\"d2eb558\" data-element_type=\"widget\" data-settings=\"{&quot;_animation&quot;:&quot;fadeIn&quot;}\" data-widget_type=\"heading.default\">\n\t\t\t\t<div class=\"elementor-widget-container\">\n\t\t\t\t\t<h2 class=\"elementor-heading-title elementor-size-default\">C\u2019est encore loin, la souverainet\u00e9 num\u00e9rique ? Pour votre\norganisation, la r\u00e9ponse est ici.<\/h2>\t\t\t\t<\/div>\n\t\t\t\t<\/div>\n\t\t\t\t<div class=\"elementor-element elementor-element-52e5e6e elementor-widget elementor-widget-spacer\" data-id=\"52e5e6e\" data-element_type=\"widget\" data-widget_type=\"spacer.default\">\n\t\t\t\t<div class=\"elementor-widget-container\">\n\t\t\t\t\t\t\t<div class=\"elementor-spacer\">\n\t\t\t<div class=\"elementor-spacer-inner\"><\/div>\n\t\t<\/div>\n\t\t\t\t\t\t<\/div>\n\t\t\t\t<\/div>\n\t\t\t\t\t<\/div>\n\t\t\t\t<\/div>\n\t\t<div class=\"elementor-element elementor-element-3fe052b e-flex e-con-boxed e-con e-parent\" data-id=\"3fe052b\" data-element_type=\"container\">\n\t\t\t\t\t<div class=\"e-con-inner\">\n\t\t<div class=\"elementor-element elementor-element-e294eb5 e-con-full e-flex e-con e-child\" data-id=\"e294eb5\" data-element_type=\"container\">\n\t\t\t\t<div class=\"elementor-element elementor-element-a3f073c elementor-widget elementor-widget-image\" data-id=\"a3f073c\" data-element_type=\"widget\" data-widget_type=\"image.default\">\n\t\t\t\t<div class=\"elementor-widget-container\">\n\t\t\t\t\t\t\t\t\t\t\t\t\t\t\t<img fetchpriority=\"high\" decoding=\"async\" width=\"434\" height=\"116\" src=\"https:\/\/score-souverainete.fr\/wp-content\/uploads\/2025\/06\/logo-Ksaar.png\" class=\"attachment-large size-large wp-image-183\" alt=\"\" srcset=\"https:\/\/score-souverainete.fr\/wp-content\/uploads\/2025\/06\/logo-Ksaar.png 434w, https:\/\/score-souverainete.fr\/wp-content\/uploads\/2025\/06\/logo-Ksaar-300x80.png 300w\" sizes=\"(max-width: 434px) 100vw, 434px\" \/>\t\t\t\t\t\t\t\t\t\t\t\t\t\t\t<\/div>\n\t\t\t\t<\/div>\n\t\t\t\t<\/div>\n\t\t<div class=\"elementor-element elementor-element-3fff4bc e-con-full e-flex e-con e-child\" data-id=\"3fff4bc\" data-element_type=\"container\">\n\t\t\t\t<div class=\"elementor-element elementor-element-23ffdaa elementor-widget elementor-widget-heading\" data-id=\"23ffdaa\" data-element_type=\"widget\" data-widget_type=\"heading.default\">\n\t\t\t\t<div class=\"elementor-widget-container\">\n\t\t\t\t\t<h2 class=\"elementor-heading-title elementor-size-default\"><a href=\"https:\/\/ksaar.com\/\">Le Score de la souverainet\u00e9 num\u00e9rique est une initiative propos\u00e9e gratuitement par la soci\u00e9t\u00e9 Ksaar qui permet de cr\u00e9er des logiciels m\u00e9tier sur-mesure et h\u00e9berg\u00e9s en France rapidement et sans coder.<br><br>\nPlus d'infos : https:\/\/ksaar.com\/<\/a><\/h2>\t\t\t\t<\/div>\n\t\t\t\t<\/div>\n\t\t\t\t<\/div>\n\t\t\t\t\t<\/div>\n\t\t\t\t<\/div>\n\t\t<div class=\"elementor-element elementor-element-fec8496 e-flex e-con-boxed e-con e-parent\" data-id=\"fec8496\" data-element_type=\"container\">\n\t\t\t\t\t<div class=\"e-con-inner\">\n\t\t\t\t<div class=\"elementor-element elementor-element-afe8708 elementor-widget elementor-widget-spacer\" data-id=\"afe8708\" data-element_type=\"widget\" data-widget_type=\"spacer.default\">\n\t\t\t\t<div class=\"elementor-widget-container\">\n\t\t\t\t\t\t\t<div class=\"elementor-spacer\">\n\t\t\t<div class=\"elementor-spacer-inner\"><\/div>\n\t\t<\/div>\n\t\t\t\t\t\t<\/div>\n\t\t\t\t<\/div>\n\t\t\t\t\t<\/div>\n\t\t\t\t<\/div>\n\t\t\t\t<\/div>\n\t\t","protected":false},"excerpt":{"rendered":"<p>Le Score de la Souverainet\u00e9 Num\u00e9rique En seulement quelques minutes, \u00e9valuez le degr\u00e9 de souverainet\u00e9 num\u00e9rique de votre entreprise \ud83c\uddeb\ud83c\uddf7 \ud83c\uddea\ud83c\uddfa. Je calcule mon score C\u2019est encore loin, la souverainet\u00e9 num\u00e9rique ? Pour votre organisation, la r\u00e9ponse est ici. Le Score de la souverainet\u00e9 num\u00e9rique est une initiative propos\u00e9e gratuitement par la soci\u00e9t\u00e9 Ksaar qui [&hellip;]<\/p>\n","protected":false},"author":1,"featured_media":0,"parent":0,"menu_order":0,"comment_status":"closed","ping_status":"closed","template":"elementor_header_footer","meta":{"footnotes":""},"class_list":["post-127","page","type-page","status-publish","hentry"],"_links":{"self":[{"href":"https:\/\/score-souverainete.fr\/index.php?rest_route=\/wp\/v2\/pages\/127","targetHints":{"allow":["GET"]}}],"collection":[{"href":"https:\/\/score-souverainete.fr\/index.php?rest_route=\/wp\/v2\/pages"}],"about":[{"href":"https:\/\/score-souverainete.fr\/index.php?rest_route=\/wp\/v2\/types\/page"}],"author":[{"embeddable":true,"href":"https:\/\/score-souverainete.fr\/index.php?rest_route=\/wp\/v2\/users\/1"}],"replies":[{"embeddable":true,"href":"https:\/\/score-souverainete.fr\/index.php?rest_route=%2Fwp%2Fv2%2Fcomments&post=127"}],"version-history":[{"count":64,"href":"https:\/\/score-souverainete.fr\/index.php?rest_route=\/wp\/v2\/pages\/127\/revisions"}],"predecessor-version":[{"id":257,"href":"https:\/\/score-souverainete.fr\/index.php?rest_route=\/wp\/v2\/pages\/127\/revisions\/257"}],"wp:attachment":[{"href":"https:\/\/score-souverainete.fr\/index.php?rest_route=%2Fwp%2Fv2%2Fmedia&parent=127"}],"curies":[{"name":"wp","href":"https:\/\/api.w.org\/{rel}","templated":true}]}}